{"id":51,"date":"2020-06-28T11:44:32","date_gmt":"2020-06-28T11:44:32","guid":{"rendered":"http:\/\/gp-industriereinigung.de\/?page_id=51"},"modified":"2023-02-05T16:15:06","modified_gmt":"2023-02-05T16:15:06","slug":"leistungen","status":"publish","type":"page","link":"https:\/\/gp-industriereinigung.de\/?page_id=51","title":{"rendered":"Leistungen"},"content":{"rendered":"\t\t<div data-elementor-type=\"wp-page\" data-elementor-id=\"51\" class=\"elementor elementor-51\">\n\t\t\t\t\t\t<section class=\"elementor-section elementor-top-section elementor-element elementor-element-91602b4 elementor-section-boxed elementor-section-height-default elementor-section-height-default\" data-id=\"91602b4\" data-element_type=\"section\">\n\t\t\t\t\t\t<div class=\"elementor-container elementor-column-gap-default\">\n\t\t\t\t\t<div class=\"elementor-column elementor-col-100 elementor-top-column elementor-element elementor-element-04625be\" data-id=\"04625be\" data-element_type=\"column\">\n\t\t\t<div class=\"elementor-widget-wrap elementor-element-populated\">\n\t\t\t\t\t\t<div class=\"elementor-element elementor-element-df2ba09 elementor-widget elementor-widget-text-editor\" data-id=\"df2ba09\" data-element_type=\"widget\" data-widget_type=\"text-editor.default\">\n\t\t\t\t<div class=\"elementor-widget-container\">\n\t\t\t\t\t\t\t<p style=\"text-align: left;\"><strong>Industriereinigung<\/strong><\/p>\n<p style=\"text-align: left;\">\u00d6le, Fette oder Emissionsr\u00fcckst\u00e4nde bewirken gerade in Industrie- und Fertigungsgeb\u00e4uden im Lauf der Zeit einen fl\u00e4chendeckenden Schmutzfilm \u2013 in der Regel kombiniert mit Staub in unterschiedlichster Zusammensetzung.&nbsp;<br>Hinzu kommen meist diverse Problemstellen wie Flecken, verschmutzte Bedienelemente oder Verf\u00e4rbungen von Boden- oder Wandfl\u00e4chen.<\/p>\n<p style=\"text-align: left;\">Eine umfangreiche und vor allem regelm\u00e4\u00dfige Industriereinigung ist f\u00fcr Firmen daher unerl\u00e4sslich.<\/p>\t\t\t\t\t\t<\/div>\n\t\t\t\t<\/div>\n\t\t\t\t\t<\/div>\n\t\t<\/div>\n\t\t\t\t\t<\/div>\n\t\t<\/section>\n\t\t\t\t<section class=\"elementor-section elementor-top-section elementor-element elementor-element-423c2fd elementor-section-boxed elementor-section-height-default elementor-section-height-default\" data-id=\"423c2fd\" data-element_type=\"section\">\n\t\t\t\t\t\t<div class=\"elementor-container elementor-column-gap-default\">\n\t\t\t\t\t<div class=\"elementor-column elementor-col-100 elementor-top-column elementor-element elementor-element-5237e52\" data-id=\"5237e52\" data-element_type=\"column\">\n\t\t\t<div class=\"elementor-widget-wrap elementor-element-populated\">\n\t\t\t\t\t\t<div class=\"elementor-element elementor-element-c34259a elementor-widget-divider--view-line elementor-widget elementor-widget-divider\" data-id=\"c34259a\" data-element_type=\"widget\" data-widget_type=\"divider.default\">\n\t\t\t\t<div class=\"elementor-widget-container\">\n\t\t\t\t\t<div class=\"elementor-divider\">\n\t\t\t<span class=\"elementor-divider-separator\">\n\t\t\t\t\t\t<\/span>\n\t\t<\/div>\n\t\t\t\t<\/div>\n\t\t\t\t<\/div>\n\t\t\t\t\t<\/div>\n\t\t<\/div>\n\t\t\t\t\t<\/div>\n\t\t<\/section>\n\t\t\t\t<section class=\"elementor-section elementor-top-section elementor-element elementor-element-5c0bac0 elementor-section-boxed elementor-section-height-default elementor-section-height-default\" data-id=\"5c0bac0\" data-element_type=\"section\">\n\t\t\t\t\t\t<div class=\"elementor-container elementor-column-gap-default\">\n\t\t\t\t\t<div class=\"elementor-column elementor-col-100 elementor-top-column elementor-element elementor-element-8584dfb\" data-id=\"8584dfb\" data-element_type=\"column\">\n\t\t\t<div class=\"elementor-widget-wrap elementor-element-populated\">\n\t\t\t\t\t\t<div class=\"elementor-element elementor-element-b327aad elementor-widget elementor-widget-text-editor\" data-id=\"b327aad\" data-element_type=\"widget\" data-widget_type=\"text-editor.default\">\n\t\t\t\t<div class=\"elementor-widget-container\">\n\t\t\t\t\t\t\t<p><strong>Maschinen- und Anlagenreinigung<\/strong><\/p>\n<p>Die regelm\u00e4\u00dfige Industriereinigung an Ihren Maschinen und Produktionsanlagen ist unerl\u00e4sslich f\u00fcr reibungslose, saubere und zuverl\u00e4ssige Fertigungsabl\u00e4ufe und unter anderem ein Baustein zur Aufrechterhaltung einer gleichbleibenden Produktqualit\u00e4t.<\/p>\t\t\t\t\t\t<\/div>\n\t\t\t\t<\/div>\n\t\t\t\t\t<\/div>\n\t\t<\/div>\n\t\t\t\t\t<\/div>\n\t\t<\/section>\n\t\t\t\t<section class=\"elementor-section elementor-top-section elementor-element elementor-element-8088f3b elementor-section-boxed elementor-section-height-default elementor-section-height-default\" data-id=\"8088f3b\" data-element_type=\"section\">\n\t\t\t\t\t\t<div class=\"elementor-container elementor-column-gap-default\">\n\t\t\t\t\t<div class=\"elementor-column elementor-col-100 elementor-top-column elementor-element elementor-element-4bd9d45\" data-id=\"4bd9d45\" data-element_type=\"column\">\n\t\t\t<div class=\"elementor-widget-wrap elementor-element-populated\">\n\t\t\t\t\t\t<div class=\"elementor-element elementor-element-92e858b elementor-widget-divider--view-line elementor-widget elementor-widget-divider\" data-id=\"92e858b\" data-element_type=\"widget\" data-widget_type=\"divider.default\">\n\t\t\t\t<div class=\"elementor-widget-container\">\n\t\t\t\t\t<div class=\"elementor-divider\">\n\t\t\t<span class=\"elementor-divider-separator\">\n\t\t\t\t\t\t<\/span>\n\t\t<\/div>\n\t\t\t\t<\/div>\n\t\t\t\t<\/div>\n\t\t\t\t\t<\/div>\n\t\t<\/div>\n\t\t\t\t\t<\/div>\n\t\t<\/section>\n\t\t\t\t<section class=\"elementor-section elementor-top-section elementor-element elementor-element-68b47669 elementor-section-boxed elementor-section-height-default elementor-section-height-default\" data-id=\"68b47669\" data-element_type=\"section\">\n\t\t\t\t\t\t<div class=\"elementor-container elementor-column-gap-default\">\n\t\t\t\t\t<div class=\"elementor-column elementor-col-100 elementor-top-column elementor-element elementor-element-7d3bf269\" data-id=\"7d3bf269\" data-element_type=\"column\">\n\t\t\t<div class=\"elementor-widget-wrap elementor-element-populated\">\n\t\t\t\t\t\t<div class=\"elementor-element elementor-element-51e3772f elementor-widget elementor-widget-text-editor\" data-id=\"51e3772f\" data-element_type=\"widget\" data-widget_type=\"text-editor.default\">\n\t\t\t\t<div class=\"elementor-widget-container\">\n\t\t\t\t\t\t\t<!-- wp:fl-builder\/layout \/-->\t\t\t\t\t\t<\/div>\n\t\t\t\t<\/div>\n\t\t\t\t\t<\/div>\n\t\t<\/div>\n\t\t\t\t\t<\/div>\n\t\t<\/section>\n\t\t\t\t<section class=\"elementor-section elementor-top-section elementor-element elementor-element-17c5a59 elementor-section-boxed elementor-section-height-default elementor-section-height-default\" data-id=\"17c5a59\" data-element_type=\"section\">\n\t\t\t\t\t\t<div class=\"elementor-container elementor-column-gap-default\">\n\t\t\t\t\t<div class=\"elementor-column elementor-col-100 elementor-top-column elementor-element elementor-element-23647b4\" data-id=\"23647b4\" data-element_type=\"column\">\n\t\t\t<div class=\"elementor-widget-wrap elementor-element-populated\">\n\t\t\t\t\t\t<div class=\"elementor-element elementor-element-7309288 elementor-widget elementor-widget-text-editor\" data-id=\"7309288\" data-element_type=\"widget\" data-widget_type=\"text-editor.default\">\n\t\t\t\t<div class=\"elementor-widget-container\">\n\t\t\t\t\t\t\t<p><strong>Hallenbodenreinigung<\/strong><\/p>\n<p>Schnell und effizient mit kompetenten Mitarbeitern sorgen wir f\u00fcr saubere Hallenb\u00f6den.<br \/>Das sorgt nicht nur f\u00fcr f\u00fcr mehr Sicherheit auf Lauf- und Fahrwegen, sondern nat\u00fcrlich auch f\u00fcr einen guten Eindruck bei Ihren Besuchern und Mitarbeitern.<\/p>\t\t\t\t\t\t<\/div>\n\t\t\t\t<\/div>\n\t\t\t\t\t<\/div>\n\t\t<\/div>\n\t\t\t\t\t<\/div>\n\t\t<\/section>\n\t\t\t\t<section class=\"elementor-section elementor-top-section elementor-element elementor-element-28a028e elementor-section-boxed elementor-section-height-default elementor-section-height-default\" data-id=\"28a028e\" data-element_type=\"section\">\n\t\t\t\t\t\t<div class=\"elementor-container elementor-column-gap-default\">\n\t\t\t\t\t<div class=\"elementor-column elementor-col-100 elementor-top-column elementor-element elementor-element-316a0f9\" data-id=\"316a0f9\" data-element_type=\"column\">\n\t\t\t<div class=\"elementor-widget-wrap elementor-element-populated\">\n\t\t\t\t\t\t<div class=\"elementor-element elementor-element-f87d9cb elementor-widget-divider--view-line elementor-widget elementor-widget-divider\" data-id=\"f87d9cb\" data-element_type=\"widget\" data-widget_type=\"divider.default\">\n\t\t\t\t<div class=\"elementor-widget-container\">\n\t\t\t\t\t<div class=\"elementor-divider\">\n\t\t\t<span class=\"elementor-divider-separator\">\n\t\t\t\t\t\t<\/span>\n\t\t<\/div>\n\t\t\t\t<\/div>\n\t\t\t\t<\/div>\n\t\t\t\t\t<\/div>\n\t\t<\/div>\n\t\t\t\t\t<\/div>\n\t\t<\/section>\n\t\t\t\t<section class=\"elementor-section elementor-top-section elementor-element elementor-element-ee2237e elementor-section-boxed elementor-section-height-default elementor-section-height-default\" data-id=\"ee2237e\" data-element_type=\"section\">\n\t\t\t\t\t\t<div class=\"elementor-container elementor-column-gap-default\">\n\t\t\t\t\t<div class=\"elementor-column elementor-col-100 elementor-top-column elementor-element elementor-element-d295361\" data-id=\"d295361\" data-element_type=\"column\">\n\t\t\t<div class=\"elementor-widget-wrap elementor-element-populated\">\n\t\t\t\t\t\t<div class=\"elementor-element elementor-element-3d944d9 elementor-widget elementor-widget-text-editor\" data-id=\"3d944d9\" data-element_type=\"widget\" data-widget_type=\"text-editor.default\">\n\t\t\t\t<div class=\"elementor-widget-container\">\n\t\t\t\t\t\t\t<p style=\"text-align: left;\"><strong>Grundreinigung und Intensivreinigung<\/strong><\/p>\n<p style=\"text-align: left;\">Im Rahmen einer Grundreinigung beseitigen wir auch s\u00e4mtliche tiefer greifenden Problemstellen, etwa besonders resistente Flecken durch Verschmutzungen aller Art.<\/p>\n<p style=\"text-align: left;\">B\u00f6den und Oberfl\u00e4chen finden besondere Aufmerksamkeit. Diese werden von hartn\u00e4ckig haftenden Verschmutzungen befreit. Zudem werden abgenutzte Pflegefilme entfernen, damit Oberfl\u00e4chen und B\u00f6den wieder ein gepflegtes Aussehen erhalten.\u00a0<br \/>Eine Grundreinigung sollte in gr\u00f6\u00dferen Abst\u00e4nden wiederholt werden, da Schmutz und Staub allgegenw\u00e4rtig sind.<\/p>\t\t\t\t\t\t<\/div>\n\t\t\t\t<\/div>\n\t\t\t\t\t<\/div>\n\t\t<\/div>\n\t\t\t\t\t<\/div>\n\t\t<\/section>\n\t\t\t\t<\/div>\n\t\t","protected":false},"excerpt":{"rendered":"<p>Industriereinigung \u00d6le, Fette oder Emissionsr\u00fcckst\u00e4nde bewirken gerade in Industrie- und Fertigungsgeb\u00e4uden im Lauf der Zeit einen fl\u00e4chendeckenden Schmutzfilm \u2013 in der Regel kombiniert mit Staub in unterschiedlichster Zusammensetzung.&nbsp;Hinzu kommen meist diverse Problemstellen wie Flecken, verschmutzte Bedienelemente oder Verf\u00e4rbungen von Boden- oder Wandfl\u00e4chen. Eine umfangreiche und vor allem regelm\u00e4\u00dfige Industriereinigung ist f\u00fcr Firmen daher unerl\u00e4sslich. Maschinen- [&hellip;]<\/p>\n","protected":false},"author":2,"featured_media":0,"parent":0,"menu_order":0,"comment_status":"closed","ping_status":"closed","template":"","meta":[],"_links":{"self":[{"href":"https:\/\/gp-industriereinigung.de\/index.php?rest_route=\/wp\/v2\/pages\/51"}],"collection":[{"href":"https:\/\/gp-industriereinigung.de\/index.php?rest_route=\/wp\/v2\/pages"}],"about":[{"href":"https:\/\/gp-industriereinigung.de\/index.php?rest_route=\/wp\/v2\/types\/page"}],"author":[{"embeddable":true,"href":"https:\/\/gp-industriereinigung.de\/index.php?rest_route=\/wp\/v2\/users\/2"}],"replies":[{"embeddable":true,"href":"https:\/\/gp-industriereinigung.de\/index.php?rest_route=%2Fwp%2Fv2%2Fcomments&post=51"}],"version-history":[{"count":31,"href":"https:\/\/gp-industriereinigung.de\/index.php?rest_route=\/wp\/v2\/pages\/51\/revisions"}],"predecessor-version":[{"id":163,"href":"https:\/\/gp-industriereinigung.de\/index.php?rest_route=\/wp\/v2\/pages\/51\/revisions\/163"}],"wp:attachment":[{"href":"https:\/\/gp-industriereinigung.de\/index.php?rest_route=%2Fwp%2Fv2%2Fmedia&parent=51"}],"curies":[{"name":"wp","href":"https:\/\/api.w.org\/{rel}","templated":true}]}}