{"id":49,"date":"2020-06-28T11:44:12","date_gmt":"2020-06-28T11:44:12","guid":{"rendered":"http:\/\/gp-industriereinigung.de\/?page_id=49"},"modified":"2023-02-05T17:01:16","modified_gmt":"2023-02-05T17:01:16","slug":"ueber-uns","status":"publish","type":"page","link":"https:\/\/gp-industriereinigung.de\/?page_id=49","title":{"rendered":"\u00dcber Uns"},"content":{"rendered":"\t\t<div data-elementor-type=\"wp-page\" data-elementor-id=\"49\" class=\"elementor elementor-49\">\n\t\t\t\t\t\t<section class=\"elementor-section elementor-top-section elementor-element elementor-element-1c29a876 elementor-section-boxed elementor-section-height-default elementor-section-height-default\" data-id=\"1c29a876\" data-element_type=\"section\">\n\t\t\t\t\t\t<div class=\"elementor-container elementor-column-gap-default\">\n\t\t\t\t\t<div class=\"elementor-column elementor-col-100 elementor-top-column elementor-element elementor-element-125f3bd\" data-id=\"125f3bd\" data-element_type=\"column\">\n\t\t\t<div class=\"elementor-widget-wrap elementor-element-populated\">\n\t\t\t\t\t\t<div class=\"elementor-element elementor-element-4dcb6e68 elementor-widget elementor-widget-text-editor\" data-id=\"4dcb6e68\" data-element_type=\"widget\" data-widget_type=\"text-editor.default\">\n\t\t\t\t<div class=\"elementor-widget-container\">\n\t\t\t\t\t\t\t<!-- wp:fl-builder\/layout \/-->\t\t\t\t\t\t<\/div>\n\t\t\t\t<\/div>\n\t\t\t\t\t<\/div>\n\t\t<\/div>\n\t\t\t\t\t<\/div>\n\t\t<\/section>\n\t\t\t\t<section class=\"elementor-section elementor-top-section elementor-element elementor-element-07aec18 elementor-section-boxed elementor-section-height-default elementor-section-height-default\" data-id=\"07aec18\" data-element_type=\"section\">\n\t\t\t\t\t\t<div class=\"elementor-container elementor-column-gap-default\">\n\t\t\t\t\t<div class=\"elementor-column elementor-col-100 elementor-top-column elementor-element elementor-element-8dc3f0c\" data-id=\"8dc3f0c\" data-element_type=\"column\">\n\t\t\t<div class=\"elementor-widget-wrap elementor-element-populated\">\n\t\t\t\t\t\t<div class=\"elementor-element elementor-element-aec5464 elementor-widget elementor-widget-text-editor\" data-id=\"aec5464\" data-element_type=\"widget\" data-widget_type=\"text-editor.default\">\n\t\t\t\t<div class=\"elementor-widget-container\">\n\t\t\t\t\t\t\t<h2 style=\"text-align: left;\">Mit uns k\u00f6nnen Sie rechnen \u2013 zuverl\u00e4ssig und wirtschaftlich!<\/h2>\t\t\t\t\t\t<\/div>\n\t\t\t\t<\/div>\n\t\t\t\t\t<\/div>\n\t\t<\/div>\n\t\t\t\t\t<\/div>\n\t\t<\/section>\n\t\t\t\t<section class=\"elementor-section elementor-top-section elementor-element elementor-element-a4fb51a elementor-section-boxed elementor-section-height-default elementor-section-height-default\" data-id=\"a4fb51a\" data-element_type=\"section\">\n\t\t\t\t\t\t<div class=\"elementor-container elementor-column-gap-default\">\n\t\t\t\t\t<div class=\"elementor-column elementor-col-100 elementor-top-column elementor-element elementor-element-9983fb1\" data-id=\"9983fb1\" data-element_type=\"column\">\n\t\t\t<div class=\"elementor-widget-wrap elementor-element-populated\">\n\t\t\t\t\t\t<div class=\"elementor-element elementor-element-5f5b13c elementor-widget elementor-widget-text-editor\" data-id=\"5f5b13c\" data-element_type=\"widget\" data-widget_type=\"text-editor.default\">\n\t\t\t\t<div class=\"elementor-widget-container\">\n\t\t\t\t\t\t\t<p><span style=\"font-weight: bold;\"><span style=\"font-size: 14pt; font-family: Arial, sans-serif; background-image: initial; background-position: initial; background-size: initial; background-repeat: initial; background-attachment: initial; background-origin: initial; background-clip: initial;\">Was zeichnet die Qualit\u00e4t der GP-Industriereinigung aus?<\/span><\/span><span style=\"font-family: Arial, sans-serif;\"><br \/><\/span><\/p>\n<p><span style=\"font-family: Arial, sans-serif;\">GP Industriereinigung ist ein Familienunternehmen \u2013 in der zweiten Generation. Seit unserer Gr\u00fcndung 2012 z\u00e4hlen Kundenn\u00e4he und Zuverl\u00e4ssigkeit zu unseren wichtigsten Grundprinzipien. Qualit\u00e4t und Professionalit\u00e4t zeichnen unsere Firma.<\/span><\/p>\n<p><span style=\"font-family: Arial, sans-serif;\">Jede Dienstleistung der GP-Industriereinigung beginnt auf der Kundenseite, daher beraten wir Sie gerne in allen Belangen der Industriereinigung. Mit Ihnen gemeinsam ermitteln wir den Bedarf der Reinigung. In Zusammenarbeit mit Ihnen erstellen wir nicht nur die Vorgehensweise, sondern legen auch die Intervalle der Reinigungsarbeiten fest.\u00a0Die Intervalle h\u00e4ngen in erster Linie von den anfallenden Verunreinigungen ab. Diese fallen je nach Industriezweig\u00a0<\/span><span style=\"color: var( --e-global-color-text ); font-family: Arial, sans-serif; font-weight: var( --e-global-typography-text-font-weight );\">unterschiedlich aus.<\/span><\/p>\t\t\t\t\t\t<\/div>\n\t\t\t\t<\/div>\n\t\t\t\t\t<\/div>\n\t\t<\/div>\n\t\t\t\t\t<\/div>\n\t\t<\/section>\n\t\t\t\t<section class=\"elementor-section elementor-top-section elementor-element elementor-element-c377ec1 elementor-section-boxed elementor-section-height-default elementor-section-height-default\" data-id=\"c377ec1\" data-element_type=\"section\">\n\t\t\t\t\t\t<div class=\"elementor-container elementor-column-gap-default\">\n\t\t\t\t\t<div class=\"elementor-column elementor-col-100 elementor-top-column elementor-element elementor-element-d61540b\" data-id=\"d61540b\" data-element_type=\"column\">\n\t\t\t<div class=\"elementor-widget-wrap elementor-element-populated\">\n\t\t\t\t\t\t<div class=\"elementor-element elementor-element-06f96d8 elementor-widget elementor-widget-image\" data-id=\"06f96d8\" data-element_type=\"widget\" data-widget_type=\"image.default\">\n\t\t\t\t<div class=\"elementor-widget-container\">\n\t\t\t\t\t\t\t\t\t\t\t\t\t<img fetchpriority=\"high\" decoding=\"async\" width=\"768\" height=\"457\" src=\"https:\/\/gp-industriereinigung.de\/wp-content\/uploads\/2023\/02\/auto-768x457.jpg\" class=\"attachment-medium_large size-medium_large wp-image-199\" alt=\"\" srcset=\"https:\/\/gp-industriereinigung.de\/wp-content\/uploads\/2023\/02\/auto-768x457.jpg 768w, https:\/\/gp-industriereinigung.de\/wp-content\/uploads\/2023\/02\/auto-300x178.jpg 300w, https:\/\/gp-industriereinigung.de\/wp-content\/uploads\/2023\/02\/auto-1024x609.jpg 1024w, https:\/\/gp-industriereinigung.de\/wp-content\/uploads\/2023\/02\/auto.jpg 1137w\" sizes=\"(max-width: 768px) 100vw, 768px\" \/>\t\t\t\t\t\t\t\t\t\t\t\t\t<\/div>\n\t\t\t\t<\/div>\n\t\t\t\t\t<\/div>\n\t\t<\/div>\n\t\t\t\t\t<\/div>\n\t\t<\/section>\n\t\t\t\t<\/div>\n\t\t","protected":false},"excerpt":{"rendered":"<p>Mit uns k\u00f6nnen Sie rechnen \u2013 zuverl\u00e4ssig und wirtschaftlich! Was zeichnet die Qualit\u00e4t der GP-Industriereinigung aus? GP Industriereinigung ist ein Familienunternehmen \u2013 in der zweiten Generation. Seit unserer Gr\u00fcndung 2012 z\u00e4hlen Kundenn\u00e4he und Zuverl\u00e4ssigkeit zu unseren wichtigsten Grundprinzipien. Qualit\u00e4t und Professionalit\u00e4t zeichnen unsere Firma. Jede Dienstleistung der GP-Industriereinigung beginnt auf der Kundenseite, daher beraten wir [&hellip;]<\/p>\n","protected":false},"author":2,"featured_media":0,"parent":0,"menu_order":0,"comment_status":"closed","ping_status":"closed","template":"","meta":[],"_links":{"self":[{"href":"https:\/\/gp-industriereinigung.de\/index.php?rest_route=\/wp\/v2\/pages\/49"}],"collection":[{"href":"https:\/\/gp-industriereinigung.de\/index.php?rest_route=\/wp\/v2\/pages"}],"about":[{"href":"https:\/\/gp-industriereinigung.de\/index.php?rest_route=\/wp\/v2\/types\/page"}],"author":[{"embeddable":true,"href":"https:\/\/gp-industriereinigung.de\/index.php?rest_route=\/wp\/v2\/users\/2"}],"replies":[{"embeddable":true,"href":"https:\/\/gp-industriereinigung.de\/index.php?rest_route=%2Fwp%2Fv2%2Fcomments&post=49"}],"version-history":[{"count":29,"href":"https:\/\/gp-industriereinigung.de\/index.php?rest_route=\/wp\/v2\/pages\/49\/revisions"}],"predecessor-version":[{"id":202,"href":"https:\/\/gp-industriereinigung.de\/index.php?rest_route=\/wp\/v2\/pages\/49\/revisions\/202"}],"wp:attachment":[{"href":"https:\/\/gp-industriereinigung.de\/index.php?rest_route=%2Fwp%2Fv2%2Fmedia&parent=49"}],"curies":[{"name":"wp","href":"https:\/\/api.w.org\/{rel}","templated":true}]}}